{"id":339,"date":"2017-01-24T10:55:50","date_gmt":"2017-01-24T10:55:50","guid":{"rendered":"https:\/\/raratheme.com\/preview\/education-zone\/?page_id=339"},"modified":"2024-02-02T17:47:49","modified_gmt":"2024-02-02T17:47:49","slug":"welcome-to-the-university","status":"publish","type":"page","link":"https:\/\/bioetica.us\/index.php\/welcome-to-the-university\/","title":{"rendered":"BIENVENIDA DEL PRESIDENTE DEL CONSEJO"},"content":{"rendered":"\n<p>Me da mucho gusto que est\u00e9s aqu\u00ed. Como Presidente del Consejo de Administraci\u00f3n del Colegio de Bio\u00e9tica de Nuevo Le\u00f3n A.C. y a nombre de nuestros consejeros, equipo directivo y colaboradores, te doy la m\u00e1s cordial bienvenida a este espacio.<\/p>\n\n\n\n<p><br>Es un privilegio contar entre nuestros egresados al M\u00e1ster en Bio\u00e9tica que iniciamos en julio del 1998, a grandes personalidades que han tenido un gran impacto en diversas publicaciones, as\u00ed como a nivel institucional en universidades, hospitales y otras instituciones de renombre.<\/p>\n\n\n\n<p><br>Contamos con un claustro de profesores del m\u00e1s alto nivel nacional e internacional, en todas las disciplinas relacionadas con la ciencia, medicina, inteligencia artificial, nanotecnolog\u00eda y filosof\u00eda que nos permiten comprender por qu\u00e9 la Bio\u00e9tica esta llamada ser la conciencia cr\u00edtica de la civilizaci\u00f3n cient\u00edfico-tecnol\u00f3gica (A. Pessina).<\/p>\n\n\n\n<p><br>Tambi\u00e9n hemos incursionado en cursos y diplomados, como el diplomado de \u00e9tica y normatividad en la investigaci\u00f3n cl\u00ednica (ENIC), en los que buscamos sumar en la formaci\u00f3n continua de nuestros egresados, o bien, en temas relacionados con el cuidado del que cuida a otras personas en situaci\u00f3n de vulnerabilidad con los mejores profesores en su especialidad, con una visi\u00f3n fenomenol\u00f3gica.<\/p>\n\n\n\n<p><br>Por \u00faltimo, a nivel institucional hemos incursionado en investigaci\u00f3n Bio\u00e9tica aplicada en temas como la detecci\u00f3n temprana de TEA (trastorno del espectro autista) en colaboraci\u00f3n con instituciones como Autismo ABP, I DREXEL y otras m\u00e1s que se han visto plasmadas en publicaciones en revistas nacionales e internacionales.<\/p>\n\n\n\n<p><br>Revisa nuestros programas y contenidos en esta plataforma y si tienes alguna duda por favor escr\u00edbenos a <a href=\"mailto:contacto@bioetica.com.mx\" target=\"_blank\" rel=\"noreferrer noopener\">contacto@bioetica.com.mx<\/a> y con gusto te atenderemos.<\/p>\n\n\n\n<p><br>Cordialmente,<br>Dr. Arturo Vela Staines<br>Presidente del Consejo de Administraci\u00f3n<\/p>\n","protected":false},"excerpt":{"rendered":"<p>Me da mucho gusto que est\u00e9s aqu\u00ed. Como Presidente del Consejo de Administraci\u00f3n del Colegio de Bio\u00e9tica de Nuevo Le\u00f3n &hellip; <\/p>\n","protected":false},"author":1,"featured_media":0,"parent":0,"menu_order":0,"comment_status":"closed","ping_status":"closed","template":"","meta":[],"_links":{"self":[{"href":"https:\/\/bioetica.us\/index.php\/wp-json\/wp\/v2\/pages\/339"}],"collection":[{"href":"https:\/\/bioetica.us\/index.php\/wp-json\/wp\/v2\/pages"}],"about":[{"href":"https:\/\/bioetica.us\/index.php\/wp-json\/wp\/v2\/types\/page"}],"author":[{"embeddable":true,"href":"https:\/\/bioetica.us\/index.php\/wp-json\/wp\/v2\/users\/1"}],"replies":[{"embeddable":true,"href":"https:\/\/bioetica.us\/index.php\/wp-json\/wp\/v2\/comments?post=339"}],"version-history":[{"count":9,"href":"https:\/\/bioetica.us\/index.php\/wp-json\/wp\/v2\/pages\/339\/revisions"}],"predecessor-version":[{"id":735,"href":"https:\/\/bioetica.us\/index.php\/wp-json\/wp\/v2\/pages\/339\/revisions\/735"}],"wp:attachment":[{"href":"https:\/\/bioetica.us\/index.php\/wp-json\/wp\/v2\/media?parent=339"}],"curies":[{"name":"wp","href":"https:\/\/api.w.org\/{rel}","templated":true}]}}